{"id":4487,"date":"2023-01-12T16:15:30","date_gmt":"2023-01-12T16:15:30","guid":{"rendered":"https:\/\/projekt1.movemusweb.at\/datenschutz\/"},"modified":"2025-06-13T08:40:05","modified_gmt":"2025-06-13T08:40:05","slug":"datenschutz","status":"publish","type":"page","link":"https:\/\/www.payergroup.com\/de\/datenschutz\/","title":{"rendered":"Datenschutz"},"content":{"rendered":"\t\t<div data-elementor-type=\"wp-page\" data-elementor-id=\"4487\" class=\"elementor elementor-4487\" data-elementor-post-type=\"page\">\n\t\t\t\t\t\t<section class=\"elementor-section elementor-top-section elementor-element elementor-element-94ca913 elementor-section-stretched elementor-reverse-mobile elementor-section-boxed elementor-section-height-default elementor-section-height-default\" data-id=\"94ca913\" data-element_type=\"section\" data-e-type=\"section\" data-settings=\"{&quot;stretch_section&quot;:&quot;section-stretched&quot;,&quot;jet_parallax_layout_list&quot;:[],&quot;background_background&quot;:&quot;classic&quot;}\">\n\t\t\t\t\t\t<div class=\"elementor-container elementor-column-gap-default\">\n\t\t\t\t\t<div class=\"elementor-column elementor-col-50 elementor-top-column elementor-element elementor-element-a82c196\" data-id=\"a82c196\" data-element_type=\"column\" data-e-type=\"column\">\n\t\t\t<div class=\"elementor-widget-wrap elementor-element-populated\">\n\t\t\t\t\t\t<div class=\"elementor-element elementor-element-fa258cc animated-slow elementor-invisible elementor-widget elementor-widget-jet-headline\" data-id=\"fa258cc\" data-element_type=\"widget\" data-e-type=\"widget\" data-settings=\"{&quot;_animation&quot;:&quot;fadeIn&quot;,&quot;_animation_delay&quot;:500}\" data-widget_type=\"jet-headline.default\">\n\t\t\t\t<div class=\"elementor-widget-container\">\n\t\t\t\t\t<h1 class=\"jet-headline jet-headline--direction-vertical\"><span class=\"jet-headline__part jet-headline__first\"><span class=\"jet-headline__label\">Daten-<\/span><\/span><span class=\"jet-headline__part jet-headline__second\"><span class=\"jet-headline__label\"><b>schutz<\/b><\/span><\/span><\/h1>\t\t\t\t<\/div>\n\t\t\t\t<\/div>\n\t\t\t\t\t<\/div>\n\t\t<\/div>\n\t\t\t\t<div class=\"elementor-column elementor-col-50 elementor-top-column elementor-element elementor-element-2f20082 elementor-hidden-mobile\" data-id=\"2f20082\" data-element_type=\"column\" data-e-type=\"column\">\n\t\t\t<div class=\"elementor-widget-wrap\">\n\t\t\t\t\t\t\t<\/div>\n\t\t<\/div>\n\t\t\t\t\t<\/div>\n\t\t<\/section>\n\t\t\t\t<section class=\"elementor-section elementor-top-section elementor-element elementor-element-b27d918 elementor-section-content-top elementor-section-boxed elementor-section-height-default elementor-section-height-default elementor-invisible\" data-id=\"b27d918\" data-element_type=\"section\" data-e-type=\"section\" data-settings=\"{&quot;jet_parallax_layout_list&quot;:[],&quot;animation&quot;:&quot;fadeInUp&quot;}\">\n\t\t\t\t\t\t<div class=\"elementor-container elementor-column-gap-default\">\n\t\t\t\t\t<div class=\"jet-sticky-column elementor-column elementor-col-100 elementor-top-column elementor-element elementor-element-a284d8a elementor-invisible\" data-jet-settings=\"{&quot;id&quot;:&quot;a284d8a&quot;,&quot;sticky&quot;:true,&quot;topSpacing&quot;:0,&quot;bottomSpacing&quot;:&quot;&quot;,&quot;stickyOn&quot;:[&quot;desktop&quot;,&quot;tablet&quot;],&quot;behavior&quot;:&quot;default&quot;,&quot;zIndex&quot;:1100}\" data-id=\"a284d8a\" data-element_type=\"column\" data-e-type=\"column\" data-settings=\"{&quot;animation&quot;:&quot;fadeInUp&quot;}\">\n\t\t\t<div class=\"elementor-widget-wrap elementor-element-populated\">\n\t\t\t\t\t\t<div class=\"elementor-element elementor-element-cc973b8 elementor-widget elementor-widget-text-editor\" data-id=\"cc973b8\" data-element_type=\"widget\" data-e-type=\"widget\" data-widget_type=\"text-editor.default\">\n\t\t\t\t\t\t\t\t\t<p><span style=\"color: #00528c;\">PAYER International Technologies GmbH (kurz PAYER) verpflichtet sich, die im Unternehmen erfassten und genutzten personenbezogenen Daten zu sch\u00fctzen.<\/span><\/p><p><span style=\"color: #00528c;\">Die Datenschutzma\u00dfnahmen entsprechen der Datenschutzrichtlinie der Europ\u00e4ischen Union.<\/span><\/p><p><span style=\"color: #00528c;\">Diese Datenschutzerkl\u00e4rung beschreibt die Daten, die PAYER und seine Tochtergesellschaften an ihren Standorten in der EU \u00fcber Sie sammeln. Wie die Daten verwendet und gesch\u00fctzt werden und welche Wahlm\u00f6glichkeiten Sie hinsichtlich der Verwendung dieser Daten haben; und wie Sie diese Daten aktualisieren oder korrigieren k\u00f6nnen.<\/span><\/p><p><span style=\"color: #00528c;\">Mit der Nutzung der PAYER-Webseiten oder der sonstigen \u00dcbermittlung personenbezogener Daten an die PAYER-Gruppe erkl\u00e4ren Sie sich mit der Erfassung, Nutzung und Weitergabe Ihrer Daten im Rahmen der Datenschutzerkl\u00e4rung einverstanden. Bitte lesen Sie diese Datenschutzerkl\u00e4rung sorgf\u00e4ltig durch und kontaktieren Sie uns (<span style=\"text-decoration: underline;\"><a style=\"color: #00528c; text-decoration: underline;\" href=\"mailto:datenschutz@payergroup.com\">datenschutz@payergroup.com<\/a><\/span>), wenn Sie Fragen haben.<\/span><\/p><p><span style=\"color: #00528c;\">Personenbezogene Daten sind Daten oder eine Kombination von Einzeldaten, durch die Sie identifiziert werden k\u00f6nnen.<\/span><\/p><p><span style=\"color: #00528c;\">Daten \u00fcber Sie k\u00f6nnen aus einer Vielzahl von Quellen gesammelt werden. Dazu geh\u00f6ren Daten, die wir direkt von Ihnen erhalten, wenn Sie uns anrufen oder eine E-Mail senden, oder Daten, die erfasst werden, wenn Sie unsere Website besuchen.<\/span><\/p><p><span style=\"color: #00528c;\">Diese Website benutzt Google Analytics, einen Webanalysedienst der Google Inc. (&#8222;Google&#8220;). Google Analytics verwendet sog. &#8222;Cookies&#8220;, Textdateien, die auf Ihrem Computer gespeichert werden und die eine Analyse der Benutzung der Website durch Sie erm\u00f6glichen. Die durch den Cookie erzeugten Informationen \u00fcber Ihre Benutzung dieser Website (einschlie\u00dflich Ihrer IP-Adresse) wird an einen Server von Google in den USA \u00fcbertragen und dort gespeichert.<\/span><\/p><p><span style=\"color: #00528c;\">Google wird diese Informationen benutzen, um Ihre Nutzung der Website auszuwerten, um Reports \u00fcber die Websiteaktivit\u00e4ten f\u00fcr die Websitebetreiber zusammenzustellen und um weitere mit der Websitenutzung und der Internetnutzung verbundene Dienstleistungen zu erbringen. Auch wird Google diese Informationen gegebenenfalls an Dritte \u00fcbertragen, sofern dies gesetzlich vorgeschrieben ist oder soweit Dritte diese Daten im Auftrag von Google verarbeiten. Google wird in keinem Fall Ihre IP-Adresse mit anderen Daten, die von Google gespeichert werden, in Verbindung bringen.<\/span><\/p><p><span style=\"color: #00528c;\">Sie k\u00f6nnen an einer integrierten Version von Google Analytics und einem DoubleClick-Produkt oder -Service oder einem anderen Google-Produkt oder -Service f\u00fcr Display-Anzeigen (&#8222;Google Analytics f\u00fcr Display-Anzeigenkunden&#8220;) teilnehmen. Wenn Sie Google Analytics f\u00fcr Display-Advertiser verwenden, m\u00fcssen Sie die Richtlinien von Google Analytics f\u00fcr Display-Advertiser (abrufbar unter <span style=\"text-decoration: underline;\"><a style=\"color: #00528c; text-decoration: underline;\" href=\"https:\/\/support.google.com\/analytics\/#topic=10737980\" target=\"_blank\" rel=\"noopener\">support.google.com\/analytics\/bin\/answer.py<\/a><\/span>) einhalten und, wie in den Richtlinien dargelegt, in Ihren Datenschutzbestimmungen (i) Ihre Verwendung von Google Analytics f\u00fcr Display-Advertiser und die von Ihnen verwendeten Funktionen und (ii) die M\u00f6glichkeit f\u00fcr Besucher, Google Analytics f\u00fcr Display-Advertiser abzubestellen, offenlegen. Ihr Zugriff auf und Ihre Nutzung von DoubleClick- oder Google Display Ads-Daten unterliegt den geltenden Bestimmungen zwischen Ihnen und Google.<\/span><\/p><p><span style=\"color: #00528c;\">Sie k\u00f6nnen die Installation von Cookies verhindern, indem Sie eine entsprechende Einstellung in Ihrer Browser-Software vornehmen. Durch die Nutzung dieser Website erkl\u00e4ren Sie sich mit der Bearbeitung der \u00fcber Sie erhobenen Daten durch Google in der zuvor beschriebenen Art und Weise und zu dem zuvor benannten Zweck einverstanden. Diese Website nutzt das interessenbasierte Werbeprogramm von Google, genannt Google Remarketing. Drittanbieter, darunter auch Google, zeigen Anzeigen auf Websites im gesamten Internet an und verwenden dabei Cookies, die auf der Grundlage fr\u00fcherer Besuche eines Nutzers auf dieser Website gespeichert werden. Die auf diese Weise gesammelten anonymen Daten (wie z. B. Altersgruppe, vermutetes Geschlecht und Interessen auf der Grundlage der besuchten Websites) werden in die Website-Auswertungsberichte mit Google Analytics aufgenommen. Sie k\u00f6nnen dar\u00fcber hinaus die Erfassung und Nutzung der Daten (Cookies und IP-Adresse) durch Google verhindern, indem Sie das unter <a style=\"color: #00528c;\" href=\"https:\/\/tools.google.com\/dlpage\/gaoptout?hl=en-GB\" target=\"_blank\" rel=\"noopener\"><span style=\"text-decoration: underline;\">TOOLS.GOOGLE.COM\/DLPAGE\/GAOPTOUT<\/span><\/a> verf\u00fcgbare Browser-Plugin herunterladen und installieren. .<\/span><\/p><p><span style=\"color: #00528c;\">N\u00e4here Informationen finden Sie unter <span style=\"text-decoration: underline;\"><a style=\"color: #00528c; text-decoration: underline;\" href=\"https:\/\/marketingplatform.google.com\/about\/analytics\/terms\/gb\/\" target=\"_blank\" rel=\"noopener\">www.google.com\/analytics\/terms\/gb.html<\/a><\/span> bzw. unter <span style=\"text-decoration: underline;\"><a style=\"color: #00528c; text-decoration: underline;\" href=\"https:\/\/policies.google.com\/?hl=en&amp;gl=uk\" target=\"_blank\" rel=\"noopener\">WWW.GOOGLE.DE\/INTL\/EN_UK\/POLICIES\/<\/a><\/span>.<\/span><\/p>\t\t\t\t\t\t\t\t<\/div>\n\t\t\t\t<div class=\"elementor-element elementor-element-88eea4d elementor-widget elementor-widget-text-editor\" data-id=\"88eea4d\" data-element_type=\"widget\" data-e-type=\"widget\" data-widget_type=\"text-editor.default\">\n\t\t\t\t\t\t\t\t\t<h5><span style=\"color: #00528c;\"><b>Dritt-Dienstleister<br \/><\/b><\/span><\/h5>\n<p><span style=\"color: #00528c;\">Wir nutzen externe Dienstleister, die Gesch\u00e4ftsaktivit\u00e4ten in unserem Auftrag durchf\u00fchren. Dabei kann es vorkommen, dass wir Ihre personenbezogenen Daten an diese weitergeben m\u00fcssen. Dabei liefern wir unseren Dienstleistern nur die personenbezogenen Daten, die sie ben\u00f6tigen, um ihre von uns beauftragten Dienstleistungen auszuf\u00fchren, und wir verpflichten sie, diese Daten zu sch\u00fctzen und nicht f\u00fcr andere Zwecke zu nutzen.<\/span><\/p>\n\t\t\t\t\t\t\t\t<\/div>\n\t\t\t\t<div class=\"elementor-element elementor-element-4853b3b elementor-widget elementor-widget-text-editor\" data-id=\"4853b3b\" data-element_type=\"widget\" data-e-type=\"widget\" data-widget_type=\"text-editor.default\">\n\t\t\t\t\t\t\t\t\t<h5><span style=\"color: #00528c;\"><strong>Datensicherheit<\/strong><\/span><\/h5>\n<p><span style=\"color: #00528c;\">PAYER verpflichtet sich, f\u00fcr die Sicherheit der personenbezogenen Daten zu sorgen. Wir haben technische, administrative und physische Verfahren eingef\u00fchrt, um personenbezogene Daten vor Verlust, missbr\u00e4uchlicher Verwendung oder \u00c4nderung zu sch\u00fctzen.<\/span><\/p>\n<p><span style=\"color: #00528c;\">Wir beschr\u00e4nken den Zugriff auf personenbezogene Daten auf diejenigen, die sie f\u00fcr gesch\u00e4ftliche Zwecke ben\u00f6tigen. Wir bewahren personenbezogene Daten nur so lange auf, wie dies in vern\u00fcnftiger Weise als erforderlich erachtet wird.<\/span><\/p>\n<p><span style=\"color: #00528c;\">Alle Daten werden konform den Richtlinien der Datenschutzgrundverordnung behandelt. Ihnen stehen grunds\u00e4tzlich die Rechte auf Auskunft, Berichtigung, L\u00f6schung, Einschr\u00e4nkung, Daten\u00fcbertragbarkeit, Widerruf und Widerspruch zu. Wenn Sie Fragen oder Bedenken bez\u00fcglich des Schutzes Ihrer Daten haben, wenden Sie sich bitte direkt an <span style=\"text-decoration: underline;\"><a style=\"color: #00528c; text-decoration: underline;\" href=\"mailto:datenschutz@payergroup.com\">datenschutz@payergroup.com<\/a><\/span><\/span><\/p>\n\t\t\t\t\t\t\t\t<\/div>\n\t\t\t\t<div class=\"elementor-element elementor-element-8807c6a elementor-widget elementor-widget-text-editor\" data-id=\"8807c6a\" data-element_type=\"widget\" data-e-type=\"widget\" data-widget_type=\"text-editor.default\">\n\t\t\t\t\t\t\t\t\t<h5><span style=\"color: #00528c;\"><b>Sie k\u00f6nnen sich auch unter der folgenden Adresse an uns wenden:<br \/><\/b><\/span><\/h5>\n<p><b><span style=\"color: #00528c;\">PAYER International Technologies GmbH<\/span> <br \/><\/b><span style=\"color: #00528c;\">Reiteregg 6<\/span><br \/><span style=\"color: #00528c;\">8151 St. Bartholom\u00e4<\/span><br \/><span style=\"color: #00528c;\">AUSTRIA<\/span><\/p>\n\t\t\t\t\t\t\t\t<\/div>\n\t\t\t\t<div class=\"elementor-element elementor-element-0ca3623 elementor-widget elementor-widget-menu-anchor\" data-id=\"0ca3623\" data-element_type=\"widget\" data-e-type=\"widget\" data-widget_type=\"menu-anchor.default\">\n\t\t\t\t\t\t\t<div class=\"elementor-menu-anchor\" id=\"Austria\"><\/div>\n\t\t\t\t\t\t<\/div>\n\t\t\t\t\t<\/div>\n\t\t<\/div>\n\t\t\t\t\t<\/div>\n\t\t<\/section>\n\t\t\t\t<\/div>\n\t\t","protected":false},"excerpt":{"rendered":"<p>Daten-schutz PAYER International Technologies GmbH (kurz PAYER) verpflichtet sich, die im Unternehmen erfassten und genutzten personenbezogenen Daten zu sch\u00fctzen. Die Datenschutzma\u00dfnahmen entsprechen der Datenschutzrichtlinie der Europ\u00e4ischen Union. Diese Datenschutzerkl\u00e4rung beschreibt die Daten, die PAYER und seine Tochtergesellschaften an ihren Standorten in der EU \u00fcber Sie sammeln. Wie die Daten verwendet und gesch\u00fctzt werden und welche [&hellip;]<\/p>\n","protected":false},"author":1,"featured_media":0,"parent":0,"menu_order":0,"comment_status":"closed","ping_status":"closed","template":"","meta":{"_acf_changed":false,"footnotes":""},"class_list":["post-4487","page","type-page","status-publish","hentry"],"acf":[],"yoast_head":"<!-- This site is optimized with the Yoast SEO Premium plugin v23.4 (Yoast SEO v27.3) - https:\/\/yoast.com\/product\/yoast-seo-premium-wordpress\/ -->\n<title>Datenschutz - PAYER Group<\/title>\n<meta name=\"description\" content=\"Wichtige Informationen \u00fcber die durchgef\u00fchrten Datenschutzma\u00dfnahmen gem\u00e4\u00df der Europ\u00e4ischen Datenschutzverordnung\" \/>\n<meta name=\"robots\" content=\"index, follow, max-snippet:-1, max-image-preview:large, max-video-preview:-1\" \/>\n<link rel=\"canonical\" href=\"https:\/\/www.payergroup.com\/de\/datenschutz\/\" \/>\n<meta property=\"og:locale\" content=\"de_DE\" \/>\n<meta property=\"og:type\" content=\"article\" \/>\n<meta property=\"og:title\" content=\"Datenschutz\" \/>\n<meta property=\"og:description\" content=\"Wichtige Informationen \u00fcber die durchgef\u00fchrten Datenschutzma\u00dfnahmen gem\u00e4\u00df der Europ\u00e4ischen Datenschutzverordnung\" \/>\n<meta property=\"og:url\" content=\"https:\/\/www.payergroup.com\/de\/datenschutz\/\" \/>\n<meta property=\"og:site_name\" content=\"PAYER Group\" \/>\n<meta property=\"article:publisher\" content=\"https:\/\/de-de.facebook.com\/payergroup\/\" \/>\n<meta property=\"article:modified_time\" content=\"2025-06-13T08:40:05+00:00\" \/>\n<meta name=\"twitter:card\" content=\"summary_large_image\" \/>\n<meta name=\"twitter:label1\" content=\"Gesch\u00e4tzte Lesezeit\" \/>\n\t<meta name=\"twitter:data1\" content=\"1\u00a0Minute\" \/>\n<script type=\"application\/ld+json\" class=\"yoast-schema-graph\">{\"@context\":\"https:\\\/\\\/schema.org\",\"@graph\":[{\"@type\":\"WebPage\",\"@id\":\"https:\\\/\\\/www.payergroup.com\\\/de\\\/datenschutz\\\/\",\"url\":\"https:\\\/\\\/www.payergroup.com\\\/de\\\/datenschutz\\\/\",\"name\":\"Datenschutz - PAYER Group\",\"isPartOf\":{\"@id\":\"https:\\\/\\\/www.payergroup.com\\\/de\\\/#website\"},\"datePublished\":\"2023-01-12T16:15:30+00:00\",\"dateModified\":\"2025-06-13T08:40:05+00:00\",\"description\":\"Wichtige Informationen \u00fcber die durchgef\u00fchrten Datenschutzma\u00dfnahmen gem\u00e4\u00df der Europ\u00e4ischen Datenschutzverordnung\",\"breadcrumb\":{\"@id\":\"https:\\\/\\\/www.payergroup.com\\\/de\\\/datenschutz\\\/#breadcrumb\"},\"inLanguage\":\"de\",\"potentialAction\":[{\"@type\":\"ReadAction\",\"target\":[\"https:\\\/\\\/www.payergroup.com\\\/de\\\/datenschutz\\\/\"]}]},{\"@type\":\"BreadcrumbList\",\"@id\":\"https:\\\/\\\/www.payergroup.com\\\/de\\\/datenschutz\\\/#breadcrumb\",\"itemListElement\":[{\"@type\":\"ListItem\",\"position\":1,\"name\":\"Homepage\",\"item\":\"https:\\\/\\\/www.payergroup.com\\\/de\\\/\"},{\"@type\":\"ListItem\",\"position\":2,\"name\":\"Datenschutz\"}]},{\"@type\":\"WebSite\",\"@id\":\"https:\\\/\\\/www.payergroup.com\\\/de\\\/#website\",\"url\":\"https:\\\/\\\/www.payergroup.com\\\/de\\\/\",\"name\":\"PAYER Group\",\"description\":\"Trusted Source of Leading Brands\",\"publisher\":{\"@id\":\"https:\\\/\\\/www.payergroup.com\\\/de\\\/#organization\"},\"potentialAction\":[{\"@type\":\"SearchAction\",\"target\":{\"@type\":\"EntryPoint\",\"urlTemplate\":\"https:\\\/\\\/www.payergroup.com\\\/de\\\/?s={search_term_string}\"},\"query-input\":{\"@type\":\"PropertyValueSpecification\",\"valueRequired\":true,\"valueName\":\"search_term_string\"}}],\"inLanguage\":\"de\"},{\"@type\":\"Organization\",\"@id\":\"https:\\\/\\\/www.payergroup.com\\\/de\\\/#organization\",\"name\":\"PAYER Group\",\"url\":\"https:\\\/\\\/www.payergroup.com\\\/de\\\/\",\"logo\":{\"@type\":\"ImageObject\",\"inLanguage\":\"de\",\"@id\":\"https:\\\/\\\/www.payergroup.com\\\/de\\\/#\\\/schema\\\/logo\\\/image\\\/\",\"url\":\"https:\\\/\\\/www.payergroup.com\\\/wp-content\\\/uploads\\\/2022\\\/03\\\/PAYER_Logo_Single_Dark.svg\",\"contentUrl\":\"https:\\\/\\\/www.payergroup.com\\\/wp-content\\\/uploads\\\/2022\\\/03\\\/PAYER_Logo_Single_Dark.svg\",\"width\":253.949,\"height\":42.046,\"caption\":\"PAYER Group\"},\"image\":{\"@id\":\"https:\\\/\\\/www.payergroup.com\\\/de\\\/#\\\/schema\\\/logo\\\/image\\\/\"},\"sameAs\":[\"https:\\\/\\\/de-de.facebook.com\\\/payergroup\\\/\",\"https:\\\/\\\/www.linkedin.com\\\/company\\\/payergroup\\\/\"]}]}<\/script>\n<!-- \/ Yoast SEO Premium plugin. -->","yoast_head_json":{"title":"Datenschutz - PAYER Group","description":"Wichtige Informationen \u00fcber die durchgef\u00fchrten Datenschutzma\u00dfnahmen gem\u00e4\u00df der Europ\u00e4ischen Datenschutzverordnung","robots":{"index":"index","follow":"follow","max-snippet":"max-snippet:-1","max-image-preview":"max-image-preview:large","max-video-preview":"max-video-preview:-1"},"canonical":"https:\/\/www.payergroup.com\/de\/datenschutz\/","og_locale":"de_DE","og_type":"article","og_title":"Datenschutz","og_description":"Wichtige Informationen \u00fcber die durchgef\u00fchrten Datenschutzma\u00dfnahmen gem\u00e4\u00df der Europ\u00e4ischen Datenschutzverordnung","og_url":"https:\/\/www.payergroup.com\/de\/datenschutz\/","og_site_name":"PAYER Group","article_publisher":"https:\/\/de-de.facebook.com\/payergroup\/","article_modified_time":"2025-06-13T08:40:05+00:00","twitter_card":"summary_large_image","twitter_misc":{"Gesch\u00e4tzte Lesezeit":"1\u00a0Minute"},"schema":{"@context":"https:\/\/schema.org","@graph":[{"@type":"WebPage","@id":"https:\/\/www.payergroup.com\/de\/datenschutz\/","url":"https:\/\/www.payergroup.com\/de\/datenschutz\/","name":"Datenschutz - PAYER Group","isPartOf":{"@id":"https:\/\/www.payergroup.com\/de\/#website"},"datePublished":"2023-01-12T16:15:30+00:00","dateModified":"2025-06-13T08:40:05+00:00","description":"Wichtige Informationen \u00fcber die durchgef\u00fchrten Datenschutzma\u00dfnahmen gem\u00e4\u00df der Europ\u00e4ischen Datenschutzverordnung","breadcrumb":{"@id":"https:\/\/www.payergroup.com\/de\/datenschutz\/#breadcrumb"},"inLanguage":"de","potentialAction":[{"@type":"ReadAction","target":["https:\/\/www.payergroup.com\/de\/datenschutz\/"]}]},{"@type":"BreadcrumbList","@id":"https:\/\/www.payergroup.com\/de\/datenschutz\/#breadcrumb","itemListElement":[{"@type":"ListItem","position":1,"name":"Homepage","item":"https:\/\/www.payergroup.com\/de\/"},{"@type":"ListItem","position":2,"name":"Datenschutz"}]},{"@type":"WebSite","@id":"https:\/\/www.payergroup.com\/de\/#website","url":"https:\/\/www.payergroup.com\/de\/","name":"PAYER Group","description":"Trusted Source of Leading Brands","publisher":{"@id":"https:\/\/www.payergroup.com\/de\/#organization"},"potentialAction":[{"@type":"SearchAction","target":{"@type":"EntryPoint","urlTemplate":"https:\/\/www.payergroup.com\/de\/?s={search_term_string}"},"query-input":{"@type":"PropertyValueSpecification","valueRequired":true,"valueName":"search_term_string"}}],"inLanguage":"de"},{"@type":"Organization","@id":"https:\/\/www.payergroup.com\/de\/#organization","name":"PAYER Group","url":"https:\/\/www.payergroup.com\/de\/","logo":{"@type":"ImageObject","inLanguage":"de","@id":"https:\/\/www.payergroup.com\/de\/#\/schema\/logo\/image\/","url":"https:\/\/www.payergroup.com\/wp-content\/uploads\/2022\/03\/PAYER_Logo_Single_Dark.svg","contentUrl":"https:\/\/www.payergroup.com\/wp-content\/uploads\/2022\/03\/PAYER_Logo_Single_Dark.svg","width":253.949,"height":42.046,"caption":"PAYER Group"},"image":{"@id":"https:\/\/www.payergroup.com\/de\/#\/schema\/logo\/image\/"},"sameAs":["https:\/\/de-de.facebook.com\/payergroup\/","https:\/\/www.linkedin.com\/company\/payergroup\/"]}]}},"_links":{"self":[{"href":"https:\/\/www.payergroup.com\/de\/wp-json\/wp\/v2\/pages\/4487","targetHints":{"allow":["GET"]}}],"collection":[{"href":"https:\/\/www.payergroup.com\/de\/wp-json\/wp\/v2\/pages"}],"about":[{"href":"https:\/\/www.payergroup.com\/de\/wp-json\/wp\/v2\/types\/page"}],"author":[{"embeddable":true,"href":"https:\/\/www.payergroup.com\/de\/wp-json\/wp\/v2\/users\/1"}],"replies":[{"embeddable":true,"href":"https:\/\/www.payergroup.com\/de\/wp-json\/wp\/v2\/comments?post=4487"}],"version-history":[{"count":0,"href":"https:\/\/www.payergroup.com\/de\/wp-json\/wp\/v2\/pages\/4487\/revisions"}],"wp:attachment":[{"href":"https:\/\/www.payergroup.com\/de\/wp-json\/wp\/v2\/media?parent=4487"}],"curies":[{"name":"wp","href":"https:\/\/api.w.org\/{rel}","templated":true}]}}