{"id":4460,"date":"2023-01-12T16:24:42","date_gmt":"2023-01-12T16:24:42","guid":{"rendered":"https:\/\/projekt1.movemusweb.at\/allgemeine-geschaeftsbedingungen-agb\/"},"modified":"2025-06-13T07:50:46","modified_gmt":"2025-06-13T07:50:46","slug":"allgemeine-geschaeftsbedingungen-agb","status":"publish","type":"page","link":"https:\/\/www.payergroup.com\/de\/allgemeine-geschaeftsbedingungen-agb\/","title":{"rendered":"Allgemeine Gesch\u00e4ftsbedingungen (AGB)"},"content":{"rendered":"\t\t<div data-elementor-type=\"wp-page\" data-elementor-id=\"4460\" class=\"elementor elementor-4460 elementor-3519\" data-elementor-post-type=\"page\">\n\t\t\t\t\t\t<section class=\"elementor-section elementor-top-section elementor-element elementor-element-94ca913 elementor-section-stretched elementor-reverse-mobile elementor-section-boxed elementor-section-height-default elementor-section-height-default\" data-id=\"94ca913\" data-element_type=\"section\" data-e-type=\"section\" data-settings=\"{&quot;stretch_section&quot;:&quot;section-stretched&quot;,&quot;jet_parallax_layout_list&quot;:[],&quot;background_background&quot;:&quot;classic&quot;}\">\n\t\t\t\t\t\t<div class=\"elementor-container elementor-column-gap-default\">\n\t\t\t\t\t<div class=\"elementor-column elementor-col-50 elementor-top-column elementor-element elementor-element-a82c196\" data-id=\"a82c196\" data-element_type=\"column\" data-e-type=\"column\">\n\t\t\t<div class=\"elementor-widget-wrap elementor-element-populated\">\n\t\t\t\t\t\t<div class=\"elementor-element elementor-element-fa258cc animated-slow elementor-invisible elementor-widget elementor-widget-jet-headline\" data-id=\"fa258cc\" data-element_type=\"widget\" data-e-type=\"widget\" data-settings=\"{&quot;_animation&quot;:&quot;fadeIn&quot;,&quot;_animation_delay&quot;:500}\" data-widget_type=\"jet-headline.default\">\n\t\t\t\t<div class=\"elementor-widget-container\">\n\t\t\t\t\t<h1 class=\"jet-headline jet-headline--direction-vertical\"><span class=\"jet-headline__part jet-headline__first\"><span class=\"jet-headline__label\">Allgemeine<\/span><\/span><span class=\"jet-headline__part jet-headline__second\"><span class=\"jet-headline__label\"><b>Gesch\u00e4ftsbedingungen (AGB)<\/b><\/span><\/span><\/h1>\t\t\t\t<\/div>\n\t\t\t\t<\/div>\n\t\t\t\t\t<\/div>\n\t\t<\/div>\n\t\t\t\t<div class=\"elementor-column elementor-col-50 elementor-top-column elementor-element elementor-element-2f20082 elementor-hidden-mobile\" data-id=\"2f20082\" data-element_type=\"column\" data-e-type=\"column\">\n\t\t\t<div class=\"elementor-widget-wrap\">\n\t\t\t\t\t\t\t<\/div>\n\t\t<\/div>\n\t\t\t\t\t<\/div>\n\t\t<\/section>\n\t\t\t\t<section class=\"elementor-section elementor-top-section elementor-element elementor-element-b27d918 elementor-section-content-top elementor-section-boxed elementor-section-height-default elementor-section-height-default elementor-invisible\" data-id=\"b27d918\" data-element_type=\"section\" data-e-type=\"section\" data-settings=\"{&quot;jet_parallax_layout_list&quot;:[],&quot;animation&quot;:&quot;fadeInUp&quot;}\">\n\t\t\t\t\t\t<div class=\"elementor-container elementor-column-gap-default\">\n\t\t\t\t\t<div class=\"jet-sticky-column elementor-column elementor-col-100 elementor-top-column elementor-element elementor-element-a284d8a elementor-invisible\" data-jet-settings=\"{&quot;id&quot;:&quot;a284d8a&quot;,&quot;sticky&quot;:true,&quot;topSpacing&quot;:0,&quot;bottomSpacing&quot;:&quot;&quot;,&quot;stickyOn&quot;:[&quot;desktop&quot;,&quot;tablet&quot;],&quot;behavior&quot;:&quot;default&quot;,&quot;zIndex&quot;:1100}\" data-id=\"a284d8a\" data-element_type=\"column\" data-e-type=\"column\" data-settings=\"{&quot;animation&quot;:&quot;fadeInUp&quot;}\">\n\t\t\t<div class=\"elementor-widget-wrap elementor-element-populated\">\n\t\t\t\t\t\t<div class=\"elementor-element elementor-element-cc973b8 elementor-widget elementor-widget-text-editor\" data-id=\"cc973b8\" data-element_type=\"widget\" data-e-type=\"widget\" data-widget_type=\"text-editor.default\">\n\t\t\t\t\t\t\t\t\t<h4><strong>Allgemeine Gesch\u00e4ftsbedingungen<\/strong><br><strong>PAYER INTERNATIONAL TECHNOLOGIES GMBH<\/strong><\/h4><h5><strong>1. Geltungsbereich | Formerfordernisse | Angebote | AGBs der Vertragspartner<\/strong><\/h5><p>1.1. Wir schlie\u00dfen Vertr\u00e4ge ausschlie\u00dflich auf Basis dieser Allgemeinen Gesch\u00e4ftsbedingungen (\u201eAGB\u201c), und zwar unabh\u00e4ngig von der Art des Rechtsgesch\u00e4ftes. Diese Bedingungen gelten nicht f\u00fcr Rechtsgesch\u00e4fte im Sinne des \u00a7 1 KSchG. S\u00e4mtliche unserer Erkl\u00e4rungen, insbesondere unsere Willenserkl\u00e4rungen, sind auf Grundlage dieser AGB zu verstehen. Abweichungen davon bed\u00fcrfen der Schriftform.<\/p><p>1.2. Unsere Angebote verstehen sich unverbindlich und freibleibend. Von den AGB oder anderen unserer schriftlichen Willenserkl\u00e4rungen abweichende m\u00fcndliche Zusagen, Nebenabreden u.dgl., insbesondere solche, die von Verk\u00e4ufern, Zustellern etc. abgegeben werden, sind f\u00fcr uns nicht verbindlich. Der Inhalt der von uns verwendeten Prospekte, technischen Beschreibungen etc. wird nicht Vertragsbestandteil, es sei denn, dass darauf ausdr\u00fccklich und schriftlich Bezug genommen wurde.<\/p><p>1.3. Allgemeine Gesch\u00e4ftsbedingungen, Verkaufs- oder Lieferbedingungen etc. unserer Vertragspartner sind f\u00fcr uns nicht verbindlich, auch dann nicht, wenn wir deren Anwendung nicht ausdr\u00fccklich widersprochen haben. Der Inhalt der uns zur Kenntnis kommenden Prospekte, technischen Beschreibungen etc. unserer Vertragspartner ist f\u00fcr sie verbindlich, es sei denn, dass dem direkt an uns gerichtet, ausdr\u00fccklich und schriftlich widersprochen wird, und zwar sp\u00e4testens zu dem Zeitpunkt, zu dem wir davon Kenntnis erlangen.<\/p><h5><strong>2. Lieferung<\/strong><\/h5><p>2.1. Wir liefern \u201eab Werk\u201c (\u201eEXW\u201c) nach den Incoterms 2020, deren Anwendung hiermit ausdr\u00fccklich vereinbart wird, soweit den AGB nichts davon Abweichendes zu entnehmen ist, und zwar nach unserer Wahl ab einem unserer Werke, das wir sp\u00e4testens mit unserer Benachrichtigung, dass unserem Vertragspartner die Lieferung zur Verf\u00fcgung steht, bekannt geben.<\/p><p>2.2. Nur schriftlich zugesagte Liefertermine sind verbindlich. Sollten wir jedoch an der zeitgerechten Lieferung durch Betriebsst\u00f6rungen jeder Art, Behinderung durch Streik oder Aussperrung in unserem Betrieb sowie durch Einfl\u00fcsse h\u00f6herer Gewalt oder anderer f\u00fcr uns unabwendbarer Umst\u00e4nde gehindert sein, so sind wir von unserer Lieferverpflichtung frei. In diesen F\u00e4llen sind wir berechtigt, ohne jegliche Haftung f\u00fcr Sch\u00e4den vom Vertrag zur\u00fcckzutreten oder unserem Vertragspartner sobald als m\u00f6glich zu liefern. Wir werden unserem Vertragspartner von derartigen Umst\u00e4nden unverz\u00fcglich Mitteilung machen.<\/p><h5><strong>3. Gefahren\u00fcbergang<\/strong><\/h5><p>3.1. Der Gefahren\u00fcbergang richtet sich nach den daf\u00fcr in den vereinbarten Incoterms 2020 f\u00fcr Lieferungen \u201eab Werk\u201c (EXW\u201c) vorgesehenen Bestimmungen.<\/p><h5><strong>4. Zahlungsbedingungen | Abtretung | Aufrechnung<\/strong><\/h5><p>4.1. Wenn nichts anderes vereinbart ist, sind unsere Rechnungen ab Ausstellungsdatum zur Zahlung f\u00e4llig. Ohne besondere Vereinbarung ist der Abzug eines Skontos nicht zul\u00e4ssig. Ein Skontoabzug ist jedenfalls nicht zul\u00e4ssig, wenn \u00e4ltere, f\u00e4llige Rechnungen nicht vollst\u00e4ndig bezahlt sind. Wir sind berechtigt, eingehende Zahlungen den jeweils \u00e4ltesten, noch offenen Forderungen gutzuschreiben; dies unabh\u00e4ngig von einer allf\u00e4lligen Widmung der Zahlung durch den Schuldner.<\/p><p>4.2. F\u00fcr den Fall des Zahlungsverzuges sind wir ab F\u00e4lligkeit berechtigt, zumindest 10 % Verzugszinsen p. a. in Rechnung zu stellen. Weitergehende Anspr\u00fcche, wie insbesondere der Anspruch auf h\u00f6here gesetzliche Zinsen oder h\u00f6here Zinsen aus dem Titel des Schadenersatzes, bleiben vorbehalten.<\/p><p>4.3. Alle Kosten und Spesen, die uns aus der Mahnung oder dem Inkasso f\u00e4lliger Zahlungen entstehen, wie insbesondere Kosten eines Inkassob\u00fcros, Anwaltskosten, Gerichtsgeb\u00fchren etc. sind uns vom Schuldner zu ersetzen.<\/p><h5><strong>5. Eigentumsvorbehalt<\/strong><\/h5><p>5.1. Alle von uns gelieferten Sachen verbleiben bis zur vollst\u00e4ndigen Erf\u00fcllung s\u00e4mtlicher gegen\u00fcber unseren Vertragspartnern bestehender Forderungen unser Eigentum.<\/p><p>5.2. Sofern unser Vertragspartner die von uns gelieferten Sachen vor Erf\u00fcllung s\u00e4mtlicher unserer Forderungen verarbeitet oder bearbeitet, erwirbt er dadurch nicht Eigentum daran. Wir erwerben Miteigentum an der dadurch entstandenen neuen Sache im Verh\u00e4ltnis des Wertes der von unseren gelieferten Waren zu den anderen verarbeiteten Waren zum Zeitpunkt der Ver- oder Bearbeitung.<\/p><p>5.3. F\u00fcr den Fall, dass wir unser Eigentumsrecht in Anspruch nehmen, sind wir ohne Ank\u00fcndigung berechtigt, die von uns gelieferten Sachen jederzeit von jedem Ort abzuholen. Sofern wir Sachen in Aus\u00fcbung unseres Eigentumsrechtes zur\u00fccknehmen, schreiben wir unserem Vertragspartner deren Nettowert abz\u00fcglich eines Abschlages von 50 % gut.<\/p><p>5.4. Unser Vertragspartner ist vor Erf\u00fcllung s\u00e4mtlicher unserer Forderungen ohne unsere ausdr\u00fcckliche Zustimmung, die in jedem Einzelfall gesondert zu erteilen ist, nicht berechtigt, die von uns gelieferten Sachen entgeltlich oder unentgeltlich an Dritte weiterzugeben.<\/p><p>5.5. Sofern unser Vertragspartner vor Erf\u00fcllung s\u00e4mtlicher unserer Forderungen entgegen diesen Bestimmungen oder auch mit unserer ausdr\u00fccklichen Zustimmung \u00fcber die in unserem Eigentum stehenden Sachen verf\u00fcgt, tritt er uns bereits mit dem Abschluss des Vertrages mit uns alle ihm daraus entstehenden Anspr\u00fcche gegen\u00fcber Dritten ab.<\/p><p>5.6. Der Erwerber hat Dritte jedenfalls in geeigneter Weise auf unser Eigentumsrecht hinzuweisen und sie von der Abtretung aller seiner Anspr\u00fcche an uns zu verst\u00e4ndigen. Sofern wir die uns gelieferten Sachen vor Erf\u00fcllung s\u00e4mtlicher unserer Verpflichtungen verarbeiten oder bearbeiten, kann unser Vertragspartner an der dadurch entstandenen neuen Sache (daher) kein Miteigentum erwerben oder Eigentumsrechte daran bewahren.<\/p><h5><strong>6. Gew\u00e4hrleistung | Schadenersatz | Produktinformationen<\/strong><\/h5><p>6.1. Allf\u00e4llige M\u00e4ngel an den von uns gelieferten Sachen sind unverz\u00fcglich schriftlich zu r\u00fcgen. Ansonsten besteht kein Anspruch auf Gew\u00e4hrleistung oder Schadenersatz. Gew\u00e4hrleistungs- oder Schadenersatzanspr\u00fcche uns gegen\u00fcber setzen au\u00dferdem voraus, dass die von uns gelieferten Sachen originalverpackt und mit den von uns zur Verf\u00fcgung gestellten Gebrauchsanleitungen und sonstigen Hinweisen dazu sowie deren Benutzung an den Letztkunden gelangen.<\/p><p>6.2. F\u00fcr den Fall des Bestehens von M\u00e4ngeln jeder Art, auch bei der Lieferung von Fehlmengen oder Falschwaren, sind wir berechtigt, die Sachen zu verbessern, (teilweise) auszutauschen oder Fehlmengen nachzuliefern. Unser Vertragspartner ist zum R\u00fccktritt vom Vertrag nur berechtigt, sofern er uns zuvor schriftlich eine Nachfrist von zumindest 14 Tagen gesetzt hat.<\/p><p>6.3. Schadenersatzanspr\u00fcche k\u00f6nnen gegen uns nur geltend gemacht werden, wenn wir Sch\u00e4den grob fahrl\u00e4ssig oder vors\u00e4tzlich verursacht haben. Jegliche Schadenersatzanspr\u00fcche k\u00f6nnen jedenfalls nicht mehr geltend gemacht werden, wenn seit dem Tag unserer Lieferung oder sonstigen Handlungen, die der vollst\u00e4ndigen Erf\u00fcllung unserer vertraglichen Verpflichtungen dienen sollte, mehr als 10 Jahre vergangen sind. Soweit gesetzlich k\u00fcrzere Fristen vorgesehen sind, innerhalb derer Anspr\u00fcche gegen uns geltend zu machen sind, wie insbesondere Verj\u00e4hrungsfristen, gelten diese. Dessen ungeachtet haften wir f\u00fcr Sch\u00e4den nur bis zu einem H\u00f6chstbetrag von EUR0 2,000.000,00 (in Worten Euro zwei Millionen).<\/p><p>6.4. Unsere Produkte erf\u00fcllen alle Voraussetzungen, um sie in \u00d6sterreich in Verkehr zu bringen. Die uns daf\u00fcr und f\u00fcr andere Staaten, in denen dies ebenfalls zutrifft, zur Verf\u00fcgung stehenden Zertifikate (Konformit\u00e4tsbescheinigungen) stellen wir unseren Vertragspartnern auf Anfrage gegen Ersatz der uns in diesem Zusammenhang entstehenden Kosten gerne zur Verf\u00fcgung. Soweit unser Vertragspartner beabsichtigt, unsere Produkte in Staaten in Verkehr zu bringen, in denen Zertifikate notwendig oder technische \u00dcberpr\u00fcfungen unserer Produkte erforderlich sind, \u00fcber die wir nicht verf\u00fcgen bzw. die von uns nicht veranlasst wurden, ist unser Vertragspartner allein daf\u00fcr verantwortlich, dass unsere Produkte dort in Verkehr gebracht werden d\u00fcrfen. Auf Anfrage und gegen Ersatz der uns in diesem Zusammenhang entstehenden Kosten sind wir ihm dabei gerne behilflich.<\/p><p>6.5. Unsere Produkte sind meist mit Akkus ausgestattet, die in der Regel vor Auslieferung voll aufgeladen werden. Bei Nichtbenutzung der Ger\u00e4te entladen sich die Akkus kontinuierlich. Bei l\u00e4ngerer Lagerung m\u00fcssen sie aufgeladen werden, um eine sogenannte Tiefentladung zu verhindern. Geschieht dies nicht, \u00fcbernehmen wir keine Gew\u00e4hrleistung f\u00fcr die Ger\u00e4te und keine Haftung f\u00fcr dadurch verursachte Sch\u00e4den.<span style=\"font-family: var( --e-global-typography-text-font-family ), Sans-serif; font-size: var( --e-global-typography-text-font-size ); font-weight: var( --e-global-typography-text-font-weight ); background-color: var( --e-global-color-b4dc3b9 );\"> <\/span><\/p><p>6.6. Unsere mit Akkus ausgestatteten Produkte d\u00fcrfen nicht bei Temperaturen \u00fcber + 40 Celsius gelagert oder aufbewahrt werden. Dies kann zu irreparablen Sch\u00e4den an den Akkus und den Ger\u00e4ten f\u00fchren. Bei nicht sachgem\u00e4\u00dfer Lagerung \u00fcbernehmen wir daher keine Gew\u00e4hr f\u00fcr die Ger\u00e4te oder eine Haftung f\u00fcr dadurch verursachte Sch\u00e4den.<\/p><h5><strong>7. Sicherheit | Aufrechnung<\/strong><\/h5><p>7.1. S\u00e4mtliche uns gew\u00e4hrte Sicherheiten k\u00f6nnen von uns f\u00fcr s\u00e4mtliche unserer offenen Forderungen in Anspruch genommen werden, ungeachtet einer allf\u00e4lligen Widmung derselben, so insbesondere Bankgarantien, Wechsel, Pfandrechte, B\u00fcrgschaften etc.<\/p><p>7.2. Die Aufrechnung mit allenfalls gegen uns bestehenden Anspr\u00fcchen gegen\u00fcber unseren Forderungen ist nicht zul\u00e4ssig.<\/p><h5><strong>8. Salvatorische Klausel<\/strong><\/h5><p>8.1. Sollten einzelne Bestimmungen der AGB ganz oder teilweise unwirksam oder undurchf\u00fchrbar sein oder werden, so ber\u00fchrt dies die G\u00fcltigkeit der \u00fcbrigen Bestimmungen der AGB nicht.<\/p><h5><strong>9. Gerichtsstand | Erf\u00fcllungsort | Rechtswahl | Sprache<\/strong><\/h5><p>9.1. F\u00fcr alle Streitigkeiten aus und in Zusammenhang mit von uns geschlossenen Vertr\u00e4gen wird die ausschlie\u00dfliche Zust\u00e4ndigkeit des f\u00fcr den Ort unseres Firmensitzes jeweils sachlich zust\u00e4ndigen Gerichtes vereinbart. Es bleibt uns vorbehalten, nach unserer Wahl f\u00fcr Klagen gegen unsere Vertragspartner einen anderen gesetzlich vorgesehenen Gerichtsstand in Anspruch zu nehmen.<\/p><p>9.2. Der Erf\u00fcllungsort ist immer der Sitz unserer Gesellschaft.<\/p><p>9.3. Es gilt das Recht, das an unserem Firmensitz gilt, ausschlie\u00dflich der Verweisungsnormen des Internationalen Privatrechtes und ausschlie\u00dflich des UN-Kaufrechtes.<\/p><p>9.4. Nur die deutsche Fassung der AGB ist verbindlich; \u00dcbersetzungen davon, insbesondere die englische Version, dienen nur der Bequemlichkeit. Im Falle von Unterschieden zwischen der deutschen Version und \u00dcbersetzungen davon geht die deutsche Fassung vor.<\/p><p>Status: Dezember 2021<\/p>\t\t\t\t\t\t\t\t<\/div>\n\t\t\t\t<div class=\"elementor-element elementor-element-0ca3623 elementor-widget elementor-widget-menu-anchor\" data-id=\"0ca3623\" data-element_type=\"widget\" data-e-type=\"widget\" data-widget_type=\"menu-anchor.default\">\n\t\t\t\t\t\t\t<div class=\"elementor-menu-anchor\" id=\"sterreich\"><\/div>\n\t\t\t\t\t\t<\/div>\n\t\t\t\t\t<\/div>\n\t\t<\/div>\n\t\t\t\t\t<\/div>\n\t\t<\/section>\n\t\t\t\t<\/div>\n\t\t","protected":false},"excerpt":{"rendered":"<p>AllgemeineGesch\u00e4ftsbedingungen (AGB) Allgemeine Gesch\u00e4ftsbedingungenPAYER INTERNATIONAL TECHNOLOGIES GMBH 1. Geltungsbereich | Formerfordernisse | Angebote | AGBs der Vertragspartner 1.1. Wir schlie\u00dfen Vertr\u00e4ge ausschlie\u00dflich auf Basis dieser Allgemeinen Gesch\u00e4ftsbedingungen (\u201eAGB\u201c), und zwar unabh\u00e4ngig von der Art des Rechtsgesch\u00e4ftes. Diese Bedingungen gelten nicht f\u00fcr Rechtsgesch\u00e4fte im Sinne des \u00a7 1 KSchG. S\u00e4mtliche unserer Erkl\u00e4rungen, insbesondere unsere Willenserkl\u00e4rungen, sind [&hellip;]<\/p>\n","protected":false},"author":1,"featured_media":0,"parent":0,"menu_order":0,"comment_status":"closed","ping_status":"closed","template":"","meta":{"_acf_changed":false,"footnotes":""},"class_list":["post-4460","page","type-page","status-publish","hentry"],"acf":[],"yoast_head":"<!-- This site is optimized with the Yoast SEO Premium plugin v23.4 (Yoast SEO v27.3) - https:\/\/yoast.com\/product\/yoast-seo-premium-wordpress\/ -->\n<title>Allgemeine Gesch\u00e4ftsbedingungen (AGB) - PAYER Group<\/title>\n<meta name=\"description\" content=\"Allgemeine Gesch\u00e4ftsbedingungen der PAYER International Technologies GmbH mit Sitz in Reiteregg, \u00d6sterreich.\" \/>\n<meta name=\"robots\" content=\"index, follow, max-snippet:-1, max-image-preview:large, max-video-preview:-1\" \/>\n<link rel=\"canonical\" href=\"https:\/\/www.payergroup.com\/de\/allgemeine-geschaeftsbedingungen-agb\/\" \/>\n<meta property=\"og:locale\" content=\"de_DE\" \/>\n<meta property=\"og:type\" content=\"article\" \/>\n<meta property=\"og:title\" content=\"Allgemeine Gesch\u00e4ftsbedingungen (AGB)\" \/>\n<meta property=\"og:description\" content=\"Allgemeine Gesch\u00e4ftsbedingungen der PAYER International Technologies GmbH mit Sitz in Reiteregg, \u00d6sterreich.\" \/>\n<meta property=\"og:url\" content=\"https:\/\/www.payergroup.com\/de\/allgemeine-geschaeftsbedingungen-agb\/\" \/>\n<meta property=\"og:site_name\" content=\"PAYER Group\" \/>\n<meta property=\"article:publisher\" content=\"https:\/\/de-de.facebook.com\/payergroup\/\" \/>\n<meta property=\"article:modified_time\" content=\"2025-06-13T07:50:46+00:00\" \/>\n<meta name=\"twitter:card\" content=\"summary_large_image\" \/>\n<meta name=\"twitter:label1\" content=\"Gesch\u00e4tzte Lesezeit\" \/>\n\t<meta name=\"twitter:data1\" content=\"6\u00a0Minuten\" \/>\n<script type=\"application\/ld+json\" class=\"yoast-schema-graph\">{\"@context\":\"https:\\\/\\\/schema.org\",\"@graph\":[{\"@type\":\"WebPage\",\"@id\":\"https:\\\/\\\/www.payergroup.com\\\/de\\\/allgemeine-geschaeftsbedingungen-agb\\\/\",\"url\":\"https:\\\/\\\/www.payergroup.com\\\/de\\\/allgemeine-geschaeftsbedingungen-agb\\\/\",\"name\":\"Allgemeine Gesch\u00e4ftsbedingungen (AGB) - PAYER Group\",\"isPartOf\":{\"@id\":\"https:\\\/\\\/www.payergroup.com\\\/de\\\/#website\"},\"datePublished\":\"2023-01-12T16:24:42+00:00\",\"dateModified\":\"2025-06-13T07:50:46+00:00\",\"description\":\"Allgemeine Gesch\u00e4ftsbedingungen der PAYER International Technologies GmbH mit Sitz in Reiteregg, \u00d6sterreich.\",\"breadcrumb\":{\"@id\":\"https:\\\/\\\/www.payergroup.com\\\/de\\\/allgemeine-geschaeftsbedingungen-agb\\\/#breadcrumb\"},\"inLanguage\":\"de\",\"potentialAction\":[{\"@type\":\"ReadAction\",\"target\":[\"https:\\\/\\\/www.payergroup.com\\\/de\\\/allgemeine-geschaeftsbedingungen-agb\\\/\"]}]},{\"@type\":\"BreadcrumbList\",\"@id\":\"https:\\\/\\\/www.payergroup.com\\\/de\\\/allgemeine-geschaeftsbedingungen-agb\\\/#breadcrumb\",\"itemListElement\":[{\"@type\":\"ListItem\",\"position\":1,\"name\":\"Homepage\",\"item\":\"https:\\\/\\\/www.payergroup.com\\\/de\\\/\"},{\"@type\":\"ListItem\",\"position\":2,\"name\":\"Allgemeine Gesch\u00e4ftsbedingungen (AGB)\"}]},{\"@type\":\"WebSite\",\"@id\":\"https:\\\/\\\/www.payergroup.com\\\/de\\\/#website\",\"url\":\"https:\\\/\\\/www.payergroup.com\\\/de\\\/\",\"name\":\"PAYER Group\",\"description\":\"Trusted Source of Leading Brands\",\"publisher\":{\"@id\":\"https:\\\/\\\/www.payergroup.com\\\/de\\\/#organization\"},\"potentialAction\":[{\"@type\":\"SearchAction\",\"target\":{\"@type\":\"EntryPoint\",\"urlTemplate\":\"https:\\\/\\\/www.payergroup.com\\\/de\\\/?s={search_term_string}\"},\"query-input\":{\"@type\":\"PropertyValueSpecification\",\"valueRequired\":true,\"valueName\":\"search_term_string\"}}],\"inLanguage\":\"de\"},{\"@type\":\"Organization\",\"@id\":\"https:\\\/\\\/www.payergroup.com\\\/de\\\/#organization\",\"name\":\"PAYER Group\",\"url\":\"https:\\\/\\\/www.payergroup.com\\\/de\\\/\",\"logo\":{\"@type\":\"ImageObject\",\"inLanguage\":\"de\",\"@id\":\"https:\\\/\\\/www.payergroup.com\\\/de\\\/#\\\/schema\\\/logo\\\/image\\\/\",\"url\":\"https:\\\/\\\/www.payergroup.com\\\/wp-content\\\/uploads\\\/2022\\\/03\\\/PAYER_Logo_Single_Dark.svg\",\"contentUrl\":\"https:\\\/\\\/www.payergroup.com\\\/wp-content\\\/uploads\\\/2022\\\/03\\\/PAYER_Logo_Single_Dark.svg\",\"width\":253.949,\"height\":42.046,\"caption\":\"PAYER Group\"},\"image\":{\"@id\":\"https:\\\/\\\/www.payergroup.com\\\/de\\\/#\\\/schema\\\/logo\\\/image\\\/\"},\"sameAs\":[\"https:\\\/\\\/de-de.facebook.com\\\/payergroup\\\/\",\"https:\\\/\\\/www.linkedin.com\\\/company\\\/payergroup\\\/\"]}]}<\/script>\n<!-- \/ Yoast SEO Premium plugin. -->","yoast_head_json":{"title":"Allgemeine Gesch\u00e4ftsbedingungen (AGB) - PAYER Group","description":"Allgemeine Gesch\u00e4ftsbedingungen der PAYER International Technologies GmbH mit Sitz in Reiteregg, \u00d6sterreich.","robots":{"index":"index","follow":"follow","max-snippet":"max-snippet:-1","max-image-preview":"max-image-preview:large","max-video-preview":"max-video-preview:-1"},"canonical":"https:\/\/www.payergroup.com\/de\/allgemeine-geschaeftsbedingungen-agb\/","og_locale":"de_DE","og_type":"article","og_title":"Allgemeine Gesch\u00e4ftsbedingungen (AGB)","og_description":"Allgemeine Gesch\u00e4ftsbedingungen der PAYER International Technologies GmbH mit Sitz in Reiteregg, \u00d6sterreich.","og_url":"https:\/\/www.payergroup.com\/de\/allgemeine-geschaeftsbedingungen-agb\/","og_site_name":"PAYER Group","article_publisher":"https:\/\/de-de.facebook.com\/payergroup\/","article_modified_time":"2025-06-13T07:50:46+00:00","twitter_card":"summary_large_image","twitter_misc":{"Gesch\u00e4tzte Lesezeit":"6\u00a0Minuten"},"schema":{"@context":"https:\/\/schema.org","@graph":[{"@type":"WebPage","@id":"https:\/\/www.payergroup.com\/de\/allgemeine-geschaeftsbedingungen-agb\/","url":"https:\/\/www.payergroup.com\/de\/allgemeine-geschaeftsbedingungen-agb\/","name":"Allgemeine Gesch\u00e4ftsbedingungen (AGB) - PAYER Group","isPartOf":{"@id":"https:\/\/www.payergroup.com\/de\/#website"},"datePublished":"2023-01-12T16:24:42+00:00","dateModified":"2025-06-13T07:50:46+00:00","description":"Allgemeine Gesch\u00e4ftsbedingungen der PAYER International Technologies GmbH mit Sitz in Reiteregg, \u00d6sterreich.","breadcrumb":{"@id":"https:\/\/www.payergroup.com\/de\/allgemeine-geschaeftsbedingungen-agb\/#breadcrumb"},"inLanguage":"de","potentialAction":[{"@type":"ReadAction","target":["https:\/\/www.payergroup.com\/de\/allgemeine-geschaeftsbedingungen-agb\/"]}]},{"@type":"BreadcrumbList","@id":"https:\/\/www.payergroup.com\/de\/allgemeine-geschaeftsbedingungen-agb\/#breadcrumb","itemListElement":[{"@type":"ListItem","position":1,"name":"Homepage","item":"https:\/\/www.payergroup.com\/de\/"},{"@type":"ListItem","position":2,"name":"Allgemeine Gesch\u00e4ftsbedingungen (AGB)"}]},{"@type":"WebSite","@id":"https:\/\/www.payergroup.com\/de\/#website","url":"https:\/\/www.payergroup.com\/de\/","name":"PAYER Group","description":"Trusted Source of Leading Brands","publisher":{"@id":"https:\/\/www.payergroup.com\/de\/#organization"},"potentialAction":[{"@type":"SearchAction","target":{"@type":"EntryPoint","urlTemplate":"https:\/\/www.payergroup.com\/de\/?s={search_term_string}"},"query-input":{"@type":"PropertyValueSpecification","valueRequired":true,"valueName":"search_term_string"}}],"inLanguage":"de"},{"@type":"Organization","@id":"https:\/\/www.payergroup.com\/de\/#organization","name":"PAYER Group","url":"https:\/\/www.payergroup.com\/de\/","logo":{"@type":"ImageObject","inLanguage":"de","@id":"https:\/\/www.payergroup.com\/de\/#\/schema\/logo\/image\/","url":"https:\/\/www.payergroup.com\/wp-content\/uploads\/2022\/03\/PAYER_Logo_Single_Dark.svg","contentUrl":"https:\/\/www.payergroup.com\/wp-content\/uploads\/2022\/03\/PAYER_Logo_Single_Dark.svg","width":253.949,"height":42.046,"caption":"PAYER Group"},"image":{"@id":"https:\/\/www.payergroup.com\/de\/#\/schema\/logo\/image\/"},"sameAs":["https:\/\/de-de.facebook.com\/payergroup\/","https:\/\/www.linkedin.com\/company\/payergroup\/"]}]}},"_links":{"self":[{"href":"https:\/\/www.payergroup.com\/de\/wp-json\/wp\/v2\/pages\/4460","targetHints":{"allow":["GET"]}}],"collection":[{"href":"https:\/\/www.payergroup.com\/de\/wp-json\/wp\/v2\/pages"}],"about":[{"href":"https:\/\/www.payergroup.com\/de\/wp-json\/wp\/v2\/types\/page"}],"author":[{"embeddable":true,"href":"https:\/\/www.payergroup.com\/de\/wp-json\/wp\/v2\/users\/1"}],"replies":[{"embeddable":true,"href":"https:\/\/www.payergroup.com\/de\/wp-json\/wp\/v2\/comments?post=4460"}],"version-history":[{"count":0,"href":"https:\/\/www.payergroup.com\/de\/wp-json\/wp\/v2\/pages\/4460\/revisions"}],"wp:attachment":[{"href":"https:\/\/www.payergroup.com\/de\/wp-json\/wp\/v2\/media?parent=4460"}],"curies":[{"name":"wp","href":"https:\/\/api.w.org\/{rel}","templated":true}]}}