{"id":4434,"date":"2023-01-12T16:02:42","date_gmt":"2023-01-12T16:02:42","guid":{"rendered":"https:\/\/projekt1.movemusweb.at\/impressum\/"},"modified":"2026-01-26T10:01:30","modified_gmt":"2026-01-26T10:01:30","slug":"impressum","status":"publish","type":"page","link":"https:\/\/www.payergroup.com\/de\/impressum\/","title":{"rendered":"Impressum"},"content":{"rendered":"\t\t<div data-elementor-type=\"wp-page\" data-elementor-id=\"4434\" class=\"elementor elementor-4434\" data-elementor-post-type=\"page\">\n\t\t\t\t\t\t<section class=\"elementor-section elementor-top-section elementor-element elementor-element-94ca913 elementor-section-stretched elementor-reverse-mobile elementor-section-boxed elementor-section-height-default elementor-section-height-default\" data-id=\"94ca913\" data-element_type=\"section\" data-e-type=\"section\" data-settings=\"{&quot;stretch_section&quot;:&quot;section-stretched&quot;,&quot;jet_parallax_layout_list&quot;:[],&quot;background_background&quot;:&quot;classic&quot;}\">\n\t\t\t\t\t\t<div class=\"elementor-container elementor-column-gap-default\">\n\t\t\t\t\t<div class=\"elementor-column elementor-col-50 elementor-top-column elementor-element elementor-element-a82c196\" data-id=\"a82c196\" data-element_type=\"column\" data-e-type=\"column\">\n\t\t\t<div class=\"elementor-widget-wrap elementor-element-populated\">\n\t\t\t\t\t\t<div class=\"elementor-element elementor-element-fa258cc animated-slow elementor-invisible elementor-widget elementor-widget-jet-headline\" data-id=\"fa258cc\" data-element_type=\"widget\" data-e-type=\"widget\" data-settings=\"{&quot;_animation&quot;:&quot;fadeIn&quot;,&quot;_animation_delay&quot;:500}\" data-widget_type=\"jet-headline.default\">\n\t\t\t\t<div class=\"elementor-widget-container\">\n\t\t\t\t\t<h1 class=\"jet-headline jet-headline--direction-vertical\"><span class=\"jet-headline__part jet-headline__first\"><span class=\"jet-headline__label\">Impressum<\/span><\/span><\/h1>\t\t\t\t<\/div>\n\t\t\t\t<\/div>\n\t\t\t\t\t<\/div>\n\t\t<\/div>\n\t\t\t\t<div class=\"elementor-column elementor-col-50 elementor-top-column elementor-element elementor-element-2f20082 elementor-hidden-mobile\" data-id=\"2f20082\" data-element_type=\"column\" data-e-type=\"column\">\n\t\t\t<div class=\"elementor-widget-wrap\">\n\t\t\t\t\t\t\t<\/div>\n\t\t<\/div>\n\t\t\t\t\t<\/div>\n\t\t<\/section>\n\t\t\t\t<section class=\"elementor-section elementor-top-section elementor-element elementor-element-b27d918 elementor-section-content-top elementor-section-boxed elementor-section-height-default elementor-section-height-default elementor-invisible\" data-id=\"b27d918\" data-element_type=\"section\" data-e-type=\"section\" data-settings=\"{&quot;jet_parallax_layout_list&quot;:[],&quot;animation&quot;:&quot;fadeInUp&quot;}\">\n\t\t\t\t\t\t<div class=\"elementor-container elementor-column-gap-default\">\n\t\t\t\t\t<div class=\"jet-sticky-column elementor-column elementor-col-100 elementor-top-column elementor-element elementor-element-a284d8a elementor-invisible\" data-jet-settings=\"{&quot;id&quot;:&quot;a284d8a&quot;,&quot;sticky&quot;:true,&quot;topSpacing&quot;:0,&quot;bottomSpacing&quot;:&quot;&quot;,&quot;stickyOn&quot;:[&quot;desktop&quot;,&quot;tablet&quot;],&quot;behavior&quot;:&quot;default&quot;,&quot;zIndex&quot;:1100}\" data-id=\"a284d8a\" data-element_type=\"column\" data-e-type=\"column\" data-settings=\"{&quot;animation&quot;:&quot;fadeInUp&quot;}\">\n\t\t\t<div class=\"elementor-widget-wrap elementor-element-populated\">\n\t\t\t\t\t\t<div class=\"elementor-element elementor-element-cc973b8 elementor-widget elementor-widget-text-editor\" data-id=\"cc973b8\" data-element_type=\"widget\" data-e-type=\"widget\" data-widget_type=\"text-editor.default\">\n\t\t\t\t\t\t\t\t\t<p><span style=\"color: #00528c;\"><strong>PAYER International Technologies GmbH<\/strong><\/span><br \/><span style=\"color: #00528c;\">Reiteregg 6<\/span><br \/><span style=\"color: #00528c;\">8151 St. Bartholom\u00e4<\/span><br \/><span style=\"color: #00528c;\">AUSTRIA<\/span><\/p><p><span style=\"color: #00528c;\"><b>Unternehmensgegenstand:<\/b> Erzeugung elektronischer Artikel und Kunststoffartikel<\/span><br \/><span style=\"color: #00528c;\"><b>UID Nummer:<\/b> ATU63643908<\/span><br \/><span style=\"color: #00528c;\"><b>Firmenbuchnummer:<\/b> 219290k<\/span><br \/><span style=\"color: #00528c;\"><b>Firmenbuchgericht:<\/b> Landesgericht f\u00fcr ZRS Graz<\/span><br \/><span style=\"color: #00528c;\"><b>Firmensitz:<\/b> 8151 St. Bartholom\u00e4<\/span><\/p><p><span style=\"background-color: var( --e-global-color-b4dc3b9 );\"><b>Telefon<\/b><\/span><span style=\"color: #00528c;\"><b>:<\/b> <a href=\"tel:004331232881\">+43 3123 2881 0<\/a><\/span><br \/><span style=\"color: #00528c;\"><b>Email:<\/b> <a style=\"color: #00528c;\" href=\"mailto:office@payergroup.com\">office@payergroup.com<\/a><\/span><\/p><p><span style=\"color: #00528c;\"><b>Mitglied bei:<\/b> Wirtschaftskammern, WKO, Fachverband der Elektro- und Elektronik-Industrie<\/span><\/p><p><span style=\"color: #00528c;\"><b>Beh\u00f6rde gem. ECG:<\/b> Bezirkshauptmannschaft Graz-Umgebung<\/span><\/p><p><span style=\"color: #00528c;\"><b>CEO:<\/b> Mag. Michael Viet<\/span><\/p>\t\t\t\t\t\t\t\t<\/div>\n\t\t\t\t<div class=\"elementor-element elementor-element-8cb6bad elementor-widget elementor-widget-spacer\" data-id=\"8cb6bad\" data-element_type=\"widget\" data-e-type=\"widget\" data-widget_type=\"spacer.default\">\n\t\t\t\t\t\t\t<div class=\"elementor-spacer\">\n\t\t\t<div class=\"elementor-spacer-inner\"><\/div>\n\t\t<\/div>\n\t\t\t\t\t\t<\/div>\n\t\t\t\t<div class=\"elementor-element elementor-element-dc75b3d elementor-widget elementor-widget-text-editor\" data-id=\"dc75b3d\" data-element_type=\"widget\" data-e-type=\"widget\" data-widget_type=\"text-editor.default\">\n\t\t\t\t\t\t\t\t\t<h5><span style=\"color: #00528c;\"><strong>Haftung f\u00fcr Inhalte dieser Webseite<\/strong><\/span><\/h5>\n<p><span style=\"color: #00528c;\">Bild- und Datenmaterial unterliegen dem Copyright des Betreibers und d\u00fcrfen ohne ausdr\u00fcckliche Zustimmung des Betreibers nicht verwendet werden. Wir entwickeln die Inhalte dieser Webseite st\u00e4ndig weiter und bem\u00fchen uns korrekte und aktuelle Informationen bereitzustellen. Leider k\u00f6nnen wir keine Haftung f\u00fcr die Korrektheit aller Inhalte auf dieser Webseite \u00fcbernehmen. Sollten Ihnen problematische oder rechtswidrige Inhalte auffallen, bitten wir Sie, uns umgehend zu kontaktieren. Sie finden die Kontaktdaten im Impressum.<\/span><\/p>\n\t\t\t\t\t\t\t\t<\/div>\n\t\t\t\t<div class=\"elementor-element elementor-element-e465034 elementor-widget elementor-widget-text-editor\" data-id=\"e465034\" data-element_type=\"widget\" data-e-type=\"widget\" data-widget_type=\"text-editor.default\">\n\t\t\t\t\t\t\t\t\t<h5><span style=\"color: #00528c;\"><strong>Haftung f\u00fcr Links auf dieser Webseite<\/strong><\/span><\/h5>\n<p><span style=\"color: #00528c;\">Unsere Webseite enth\u00e4lt Links zu anderen Webseiten f\u00fcr deren Inhalt wir nicht verantwortlich sind. Wenn Ihnen rechtswidrige Links auf unserer Webseite auffallen, bitten wir Sie, uns zu kontaktieren. Sie finden die Kontaktdaten im Impressum.<\/span><\/p>\n\t\t\t\t\t\t\t\t<\/div>\n\t\t\t\t<div class=\"elementor-element elementor-element-75c65e5 elementor-widget elementor-widget-text-editor\" data-id=\"75c65e5\" data-element_type=\"widget\" data-e-type=\"widget\" data-widget_type=\"text-editor.default\">\n\t\t\t\t\t\t\t\t\t<h5><span style=\"color: #00528c;\"><strong>Gender<\/strong><\/span><\/h5>\n<p><span style=\"color: #00528c;\">Aus Gr\u00fcnden der Lesbarkeit wird auf unserer Website teilweise darauf verzichtet, gleichgeschlechtsspezifische Formulierungen zu verwenden. Jedoch m\u00f6chten wir ausdr\u00fccklich festhalten, dass die bei Personen verwendeten maskulinen Formen f\u00fcr alle Geschlechter zu verstehen sind.<\/span><\/p>\t\t\t\t\t\t\t\t<\/div>\n\t\t\t\t<div class=\"elementor-element elementor-element-b07e8bb elementor-widget elementor-widget-text-editor\" data-id=\"b07e8bb\" data-element_type=\"widget\" data-e-type=\"widget\" data-widget_type=\"text-editor.default\">\n\t\t\t\t\t\t\t\t\t<h5><span style=\"color: #00528c;\"><strong>Fotos<\/strong><\/span><\/h5><p><span style=\"color: #00528c;\">\u00a9 Oliver Wolf Fotografie, \u00a9 istock, \u00a9 Adobe Stock<\/span><\/p>\t\t\t\t\t\t\t\t<\/div>\n\t\t\t\t<div class=\"elementor-element elementor-element-cf07b13 elementor-widget elementor-widget-text-editor\" data-id=\"cf07b13\" data-element_type=\"widget\" data-e-type=\"widget\" data-widget_type=\"text-editor.default\">\n\t\t\t\t\t\t\t\t\t<h5><span style=\"color: #00528c;\"><strong>Website<\/strong><\/span><\/h5>\n<span style=\"color: #00528c;\">\u00a9 <a style=\"color: #00528c;\" href=\"https:\/\/www.movemus.at\/\">movemus brand positioning<\/a><\/span>\t\t\t\t\t\t\t\t<\/div>\n\t\t\t\t<div class=\"elementor-element elementor-element-0ca3623 elementor-widget elementor-widget-menu-anchor\" data-id=\"0ca3623\" data-element_type=\"widget\" data-e-type=\"widget\" data-widget_type=\"menu-anchor.default\">\n\t\t\t\t\t\t\t<div class=\"elementor-menu-anchor\" id=\"Austria\"><\/div>\n\t\t\t\t\t\t<\/div>\n\t\t\t\t\t<\/div>\n\t\t<\/div>\n\t\t\t\t\t<\/div>\n\t\t<\/section>\n\t\t\t\t<\/div>\n\t\t","protected":false},"excerpt":{"rendered":"<p>Impressum PAYER International Technologies GmbHReiteregg 68151 St. Bartholom\u00e4AUSTRIA Unternehmensgegenstand: Erzeugung elektronischer Artikel und KunststoffartikelUID Nummer: ATU63643908Firmenbuchnummer: 219290kFirmenbuchgericht: Landesgericht f\u00fcr ZRS GrazFirmensitz: 8151 St. Bartholom\u00e4 Telefon: +43 3123 2881 0Email: office@payergroup.com Mitglied bei: Wirtschaftskammern, WKO, Fachverband der Elektro- und Elektronik-Industrie Beh\u00f6rde gem. ECG: Bezirkshauptmannschaft Graz-Umgebung CEO: Mag. Michael Viet Haftung f\u00fcr Inhalte dieser Webseite Bild- und [&hellip;]<\/p>\n","protected":false},"author":1,"featured_media":0,"parent":0,"menu_order":0,"comment_status":"closed","ping_status":"closed","template":"","meta":{"_acf_changed":false,"footnotes":""},"class_list":["post-4434","page","type-page","status-publish","hentry"],"acf":[],"yoast_head":"<!-- This site is optimized with the Yoast SEO Premium plugin v23.4 (Yoast SEO v27.3) - https:\/\/yoast.com\/product\/yoast-seo-premium-wordpress\/ -->\n<title>Impressum - PAYER Group<\/title>\n<meta name=\"description\" content=\"Impressum der PAYER International Technologies GmbH mit Sitz in Reiteregg, \u00d6sterreich\" \/>\n<meta name=\"robots\" content=\"index, follow, max-snippet:-1, max-image-preview:large, max-video-preview:-1\" \/>\n<link rel=\"canonical\" href=\"https:\/\/www.payergroup.com\/de\/impressum\/\" \/>\n<meta property=\"og:locale\" content=\"de_DE\" \/>\n<meta property=\"og:type\" content=\"article\" \/>\n<meta property=\"og:title\" content=\"Impressum\" \/>\n<meta property=\"og:description\" content=\"Impressum der PAYER International Technologies GmbH mit Sitz in Reiteregg, \u00d6sterreich\" \/>\n<meta property=\"og:url\" content=\"https:\/\/www.payergroup.com\/de\/impressum\/\" \/>\n<meta property=\"og:site_name\" content=\"PAYER Group\" \/>\n<meta property=\"article:publisher\" content=\"https:\/\/de-de.facebook.com\/payergroup\/\" \/>\n<meta property=\"article:modified_time\" content=\"2026-01-26T10:01:30+00:00\" \/>\n<meta name=\"twitter:card\" content=\"summary_large_image\" \/>\n<meta name=\"twitter:label1\" content=\"Gesch\u00e4tzte Lesezeit\" \/>\n\t<meta name=\"twitter:data1\" content=\"1\u00a0Minute\" \/>\n<script type=\"application\/ld+json\" class=\"yoast-schema-graph\">{\"@context\":\"https:\\\/\\\/schema.org\",\"@graph\":[{\"@type\":\"WebPage\",\"@id\":\"https:\\\/\\\/www.payergroup.com\\\/de\\\/impressum\\\/\",\"url\":\"https:\\\/\\\/www.payergroup.com\\\/de\\\/impressum\\\/\",\"name\":\"Impressum - PAYER Group\",\"isPartOf\":{\"@id\":\"https:\\\/\\\/www.payergroup.com\\\/de\\\/#website\"},\"datePublished\":\"2023-01-12T16:02:42+00:00\",\"dateModified\":\"2026-01-26T10:01:30+00:00\",\"description\":\"Impressum der PAYER International Technologies GmbH mit Sitz in Reiteregg, \u00d6sterreich\",\"breadcrumb\":{\"@id\":\"https:\\\/\\\/www.payergroup.com\\\/de\\\/impressum\\\/#breadcrumb\"},\"inLanguage\":\"de\",\"potentialAction\":[{\"@type\":\"ReadAction\",\"target\":[\"https:\\\/\\\/www.payergroup.com\\\/de\\\/impressum\\\/\"]}]},{\"@type\":\"BreadcrumbList\",\"@id\":\"https:\\\/\\\/www.payergroup.com\\\/de\\\/impressum\\\/#breadcrumb\",\"itemListElement\":[{\"@type\":\"ListItem\",\"position\":1,\"name\":\"Homepage\",\"item\":\"https:\\\/\\\/www.payergroup.com\\\/de\\\/\"},{\"@type\":\"ListItem\",\"position\":2,\"name\":\"Impressum\"}]},{\"@type\":\"WebSite\",\"@id\":\"https:\\\/\\\/www.payergroup.com\\\/de\\\/#website\",\"url\":\"https:\\\/\\\/www.payergroup.com\\\/de\\\/\",\"name\":\"PAYER Group\",\"description\":\"Trusted Source of Leading Brands\",\"publisher\":{\"@id\":\"https:\\\/\\\/www.payergroup.com\\\/de\\\/#organization\"},\"potentialAction\":[{\"@type\":\"SearchAction\",\"target\":{\"@type\":\"EntryPoint\",\"urlTemplate\":\"https:\\\/\\\/www.payergroup.com\\\/de\\\/?s={search_term_string}\"},\"query-input\":{\"@type\":\"PropertyValueSpecification\",\"valueRequired\":true,\"valueName\":\"search_term_string\"}}],\"inLanguage\":\"de\"},{\"@type\":\"Organization\",\"@id\":\"https:\\\/\\\/www.payergroup.com\\\/de\\\/#organization\",\"name\":\"PAYER Group\",\"url\":\"https:\\\/\\\/www.payergroup.com\\\/de\\\/\",\"logo\":{\"@type\":\"ImageObject\",\"inLanguage\":\"de\",\"@id\":\"https:\\\/\\\/www.payergroup.com\\\/de\\\/#\\\/schema\\\/logo\\\/image\\\/\",\"url\":\"https:\\\/\\\/www.payergroup.com\\\/wp-content\\\/uploads\\\/2022\\\/03\\\/PAYER_Logo_Single_Dark.svg\",\"contentUrl\":\"https:\\\/\\\/www.payergroup.com\\\/wp-content\\\/uploads\\\/2022\\\/03\\\/PAYER_Logo_Single_Dark.svg\",\"width\":253.949,\"height\":42.046,\"caption\":\"PAYER Group\"},\"image\":{\"@id\":\"https:\\\/\\\/www.payergroup.com\\\/de\\\/#\\\/schema\\\/logo\\\/image\\\/\"},\"sameAs\":[\"https:\\\/\\\/de-de.facebook.com\\\/payergroup\\\/\",\"https:\\\/\\\/www.linkedin.com\\\/company\\\/payergroup\\\/\"]}]}<\/script>\n<!-- \/ Yoast SEO Premium plugin. -->","yoast_head_json":{"title":"Impressum - PAYER Group","description":"Impressum der PAYER International Technologies GmbH mit Sitz in Reiteregg, \u00d6sterreich","robots":{"index":"index","follow":"follow","max-snippet":"max-snippet:-1","max-image-preview":"max-image-preview:large","max-video-preview":"max-video-preview:-1"},"canonical":"https:\/\/www.payergroup.com\/de\/impressum\/","og_locale":"de_DE","og_type":"article","og_title":"Impressum","og_description":"Impressum der PAYER International Technologies GmbH mit Sitz in Reiteregg, \u00d6sterreich","og_url":"https:\/\/www.payergroup.com\/de\/impressum\/","og_site_name":"PAYER Group","article_publisher":"https:\/\/de-de.facebook.com\/payergroup\/","article_modified_time":"2026-01-26T10:01:30+00:00","twitter_card":"summary_large_image","twitter_misc":{"Gesch\u00e4tzte Lesezeit":"1\u00a0Minute"},"schema":{"@context":"https:\/\/schema.org","@graph":[{"@type":"WebPage","@id":"https:\/\/www.payergroup.com\/de\/impressum\/","url":"https:\/\/www.payergroup.com\/de\/impressum\/","name":"Impressum - PAYER Group","isPartOf":{"@id":"https:\/\/www.payergroup.com\/de\/#website"},"datePublished":"2023-01-12T16:02:42+00:00","dateModified":"2026-01-26T10:01:30+00:00","description":"Impressum der PAYER International Technologies GmbH mit Sitz in Reiteregg, \u00d6sterreich","breadcrumb":{"@id":"https:\/\/www.payergroup.com\/de\/impressum\/#breadcrumb"},"inLanguage":"de","potentialAction":[{"@type":"ReadAction","target":["https:\/\/www.payergroup.com\/de\/impressum\/"]}]},{"@type":"BreadcrumbList","@id":"https:\/\/www.payergroup.com\/de\/impressum\/#breadcrumb","itemListElement":[{"@type":"ListItem","position":1,"name":"Homepage","item":"https:\/\/www.payergroup.com\/de\/"},{"@type":"ListItem","position":2,"name":"Impressum"}]},{"@type":"WebSite","@id":"https:\/\/www.payergroup.com\/de\/#website","url":"https:\/\/www.payergroup.com\/de\/","name":"PAYER Group","description":"Trusted Source of Leading Brands","publisher":{"@id":"https:\/\/www.payergroup.com\/de\/#organization"},"potentialAction":[{"@type":"SearchAction","target":{"@type":"EntryPoint","urlTemplate":"https:\/\/www.payergroup.com\/de\/?s={search_term_string}"},"query-input":{"@type":"PropertyValueSpecification","valueRequired":true,"valueName":"search_term_string"}}],"inLanguage":"de"},{"@type":"Organization","@id":"https:\/\/www.payergroup.com\/de\/#organization","name":"PAYER Group","url":"https:\/\/www.payergroup.com\/de\/","logo":{"@type":"ImageObject","inLanguage":"de","@id":"https:\/\/www.payergroup.com\/de\/#\/schema\/logo\/image\/","url":"https:\/\/www.payergroup.com\/wp-content\/uploads\/2022\/03\/PAYER_Logo_Single_Dark.svg","contentUrl":"https:\/\/www.payergroup.com\/wp-content\/uploads\/2022\/03\/PAYER_Logo_Single_Dark.svg","width":253.949,"height":42.046,"caption":"PAYER Group"},"image":{"@id":"https:\/\/www.payergroup.com\/de\/#\/schema\/logo\/image\/"},"sameAs":["https:\/\/de-de.facebook.com\/payergroup\/","https:\/\/www.linkedin.com\/company\/payergroup\/"]}]}},"_links":{"self":[{"href":"https:\/\/www.payergroup.com\/de\/wp-json\/wp\/v2\/pages\/4434","targetHints":{"allow":["GET"]}}],"collection":[{"href":"https:\/\/www.payergroup.com\/de\/wp-json\/wp\/v2\/pages"}],"about":[{"href":"https:\/\/www.payergroup.com\/de\/wp-json\/wp\/v2\/types\/page"}],"author":[{"embeddable":true,"href":"https:\/\/www.payergroup.com\/de\/wp-json\/wp\/v2\/users\/1"}],"replies":[{"embeddable":true,"href":"https:\/\/www.payergroup.com\/de\/wp-json\/wp\/v2\/comments?post=4434"}],"version-history":[{"count":3,"href":"https:\/\/www.payergroup.com\/de\/wp-json\/wp\/v2\/pages\/4434\/revisions"}],"predecessor-version":[{"id":14220,"href":"https:\/\/www.payergroup.com\/de\/wp-json\/wp\/v2\/pages\/4434\/revisions\/14220"}],"wp:attachment":[{"href":"https:\/\/www.payergroup.com\/de\/wp-json\/wp\/v2\/media?parent=4434"}],"curies":[{"name":"wp","href":"https:\/\/api.w.org\/{rel}","templated":true}]}}